{"id":14178,"date":"2024-01-25T18:28:30","date_gmt":"2024-01-25T15:28:30","guid":{"rendered":"https:\/\/cloudnetworkit.com.tr\/ag-cozumleri\/"},"modified":"2024-02-19T16:45:08","modified_gmt":"2024-02-19T13:45:08","slug":"network-solutions","status":"publish","type":"page","link":"https:\/\/cloudnetworkit.com.tr\/en\/network-solutions\/","title":{"rendered":"Network Solutions"},"content":{"rendered":"\t\t<div data-elementor-type=\"wp-page\" data-elementor-id=\"14178\" class=\"elementor elementor-14178 elementor-13550\">\n\t\t\t\t\t\t<section class=\"elementor-section elementor-top-section elementor-element elementor-element-7f78d1e elementor-section-full_width elementor-section-height-default elementor-section-height-default mas-addons-sticky-no\" data-id=\"7f78d1e\" data-element_type=\"section\" data-settings=\"{&quot;background_background&quot;:&quot;classic&quot;,&quot;mas_addons_sticky&quot;:&quot;no&quot;}\">\n\t\t\t\t\t\t\t<div class=\"elementor-background-overlay\"><\/div>\n\t\t\t\t\t\t\t<div class=\"elementor-container elementor-column-gap-no\">\n\t\t\t\t\t<div class=\"elementor-column elementor-col-100 elementor-top-column elementor-element elementor-element-871a102\" data-id=\"871a102\" data-element_type=\"column\">\n\t\t\t<div class=\"elementor-widget-wrap elementor-element-populated\">\n\t\t\t\t\t\t<section class=\"elementor-section elementor-inner-section elementor-element elementor-element-228e13b elementor-section-boxed elementor-section-height-default elementor-section-height-default mas-addons-sticky-no\" data-id=\"228e13b\" data-element_type=\"section\" data-settings=\"{&quot;mas_addons_sticky&quot;:&quot;no&quot;}\">\n\t\t\t\t\t\t<div class=\"elementor-container elementor-column-gap-no\">\n\t\t\t\t\t<div class=\"elementor-column elementor-col-100 elementor-inner-column elementor-element elementor-element-c87a94d\" data-id=\"c87a94d\" data-element_type=\"column\">\n\t\t\t<div class=\"elementor-widget-wrap elementor-element-populated\">\n\t\t\t\t\t\t<div class=\"elementor-element elementor-element-8c8982c mas-addons-sticky-no elementor-widget elementor-widget-mas-addons-heading\" data-id=\"8c8982c\" data-element_type=\"widget\" data-settings=\"{&quot;mas_addons_sticky&quot;:&quot;no&quot;}\" data-widget_type=\"mas-addons-heading.default\">\n\t\t\t\t<div class=\"elementor-widget-container\">\n\t\t\t\t\t<h2 class=\"mas-addons-heading-title show-line-no\">Network Solutions<\/h2>\t\t\t\t<\/div>\n\t\t\t\t<\/div>\n\t\t\t\t<div class=\"elementor-element elementor-element-4d1ba21 mas-addons-sticky-no elementor-widget elementor-widget-mas-addons-breadcrumb\" data-id=\"4d1ba21\" data-element_type=\"widget\" data-settings=\"{&quot;mas_addons_sticky&quot;:&quot;no&quot;}\" data-widget_type=\"mas-addons-breadcrumb.default\">\n\t\t\t\t<div class=\"elementor-widget-container\">\n\t\t\t\t\t<ul class=\"mas-addons-breadcrumbs\"><li class=\"mas-addons-breadcrumbs-item mas-addons-breadcrumbs-start\"><a href=\"https:\/\/cloudnetworkit.com.tr\/en\/\" rel=\"home\"><span class=\"mas-addons-breadcrumbs-text\">Our solutions<\/span><\/a><\/li><\/ul>\t\t\t\t<\/div>\n\t\t\t\t<\/div>\n\t\t\t\t\t<\/div>\n\t\t<\/div>\n\t\t\t\t\t<\/div>\n\t\t<\/section>\n\t\t\t\t\t<\/div>\n\t\t<\/div>\n\t\t\t\t\t<\/div>\n\t\t<\/section>\n\t\t<div class=\"elementor-element elementor-element-cac8bf9 e-flex e-con-boxed e-con e-parent\" data-id=\"cac8bf9\" data-element_type=\"container\">\n\t\t\t\t\t<div class=\"e-con-inner\">\n\t\t<div class=\"elementor-element elementor-element-2628b97 e-con-full e-flex e-con e-child\" data-id=\"2628b97\" data-element_type=\"container\">\n\t\t\t\t<div class=\"elementor-element elementor-element-3684970 mas-addons-sticky-no elementor-widget elementor-widget-image\" data-id=\"3684970\" data-element_type=\"widget\" data-settings=\"{&quot;mas_addons_sticky&quot;:&quot;no&quot;}\" data-widget_type=\"image.default\">\n\t\t\t\t<div class=\"elementor-widget-container\">\n\t\t\t\t\t\t\t\t\t\t\t\t\t\t\t<img fetchpriority=\"high\" decoding=\"async\" width=\"636\" height=\"598\" src=\"https:\/\/cloudnetworkit.com.tr\/wp-content\/uploads\/2024\/01\/ag1.png\" class=\"attachment-full size-full wp-image-13738\" alt=\"\" srcset=\"https:\/\/cloudnetworkit.com.tr\/wp-content\/uploads\/2024\/01\/ag1.png 636w, https:\/\/cloudnetworkit.com.tr\/wp-content\/uploads\/2024\/01\/ag1-492x463.png 492w, https:\/\/cloudnetworkit.com.tr\/wp-content\/uploads\/2024\/01\/ag1-300x282.png 300w\" sizes=\"(max-width: 636px) 100vw, 636px\" \/>\t\t\t\t\t\t\t\t\t\t\t\t\t\t\t<\/div>\n\t\t\t\t<\/div>\n\t\t\t\t<\/div>\n\t\t\t\t<div class=\"elementor-element elementor-element-4b7cf3a mas-addons-sticky-no elementor-widget elementor-widget-spacer\" data-id=\"4b7cf3a\" data-element_type=\"widget\" data-settings=\"{&quot;mas_addons_sticky&quot;:&quot;no&quot;}\" data-widget_type=\"spacer.default\">\n\t\t\t\t<div class=\"elementor-widget-container\">\n\t\t\t\t\t\t\t<div class=\"elementor-spacer\">\n\t\t\t<div class=\"elementor-spacer-inner\"><\/div>\n\t\t<\/div>\n\t\t\t\t\t\t<\/div>\n\t\t\t\t<\/div>\n\t\t<div class=\"elementor-element elementor-element-2278fd0 e-con-full e-flex e-con e-child\" data-id=\"2278fd0\" data-element_type=\"container\">\n\t\t\t\t<div class=\"elementor-element elementor-element-1a1fef0 mas-addons-sticky-no elementor-widget elementor-widget-spacer\" data-id=\"1a1fef0\" data-element_type=\"widget\" data-settings=\"{&quot;mas_addons_sticky&quot;:&quot;no&quot;}\" data-widget_type=\"spacer.default\">\n\t\t\t\t<div class=\"elementor-widget-container\">\n\t\t\t\t\t\t\t<div class=\"elementor-spacer\">\n\t\t\t<div class=\"elementor-spacer-inner\"><\/div>\n\t\t<\/div>\n\t\t\t\t\t\t<\/div>\n\t\t\t\t<\/div>\n\t\t\t\t<div class=\"elementor-element elementor-element-6413c4a mas-addons-sticky-no elementor-widget elementor-widget-heading\" data-id=\"6413c4a\" data-element_type=\"widget\" data-settings=\"{&quot;mas_addons_sticky&quot;:&quot;no&quot;}\" data-widget_type=\"heading.default\">\n\t\t\t\t<div class=\"elementor-widget-container\">\n\t\t\t\t\t<h4 class=\"elementor-heading-title elementor-size-default\">Cloud Networkit<\/h4>\t\t\t\t<\/div>\n\t\t\t\t<\/div>\n\t\t\t\t<div class=\"elementor-element elementor-element-e579d4e mas-addons-sticky-no elementor-widget elementor-widget-heading\" data-id=\"e579d4e\" data-element_type=\"widget\" data-settings=\"{&quot;mas_addons_sticky&quot;:&quot;no&quot;}\" data-widget_type=\"heading.default\">\n\t\t\t\t<div class=\"elementor-widget-container\">\n\t\t\t\t\t<h2 class=\"elementor-heading-title elementor-size-default\">Network Solutions<\/h2>\t\t\t\t<\/div>\n\t\t\t\t<\/div>\n\t\t\t\t<div class=\"elementor-element elementor-element-77421bd mas-addons-sticky-no elementor-widget elementor-widget-text-editor\" data-id=\"77421bd\" data-element_type=\"widget\" data-settings=\"{&quot;mas_addons_sticky&quot;:&quot;no&quot;}\" data-widget_type=\"text-editor.default\">\n\t\t\t\t<div class=\"elementor-widget-container\">\n\t\t\t\t\t\t\t\t\t<p>We are always at your service with our high-performance, high-security, scalable and customizable solutions that suit your corporate business needs.<\/p>\t\t\t\t\t\t\t\t<\/div>\n\t\t\t\t<\/div>\n\t\t\t\t<div class=\"elementor-element elementor-element-9306220 mas-addons-sticky-no elementor-widget elementor-widget-text-editor\" data-id=\"9306220\" data-element_type=\"widget\" data-settings=\"{&quot;mas_addons_sticky&quot;:&quot;no&quot;}\" data-widget_type=\"text-editor.default\">\n\t\t\t\t<div class=\"elementor-widget-container\">\n\t\t\t\t\t\t\t\t\t<p><strong>Advantages:<\/strong><\/p><p>\u2022 Increases productivity<br \/><span class=\"ILfuVd\" lang=\"tr\"><span class=\"hgKElc\">\u2022<\/span><\/span> Ensures business continuity<br \/><span class=\"ILfuVd\" lang=\"tr\"><span class=\"hgKElc\">\u2022<\/span><\/span> Increases security<br \/><span class=\"ILfuVd\" lang=\"tr\"><span class=\"hgKElc\">\u2022<\/span><\/span> Shortens intervention time<br \/><span class=\"ILfuVd\" lang=\"tr\"><span class=\"hgKElc\">\u2022<\/span><\/span> Improves user experience<br \/><span class=\"ILfuVd\" lang=\"tr\"><span class=\"hgKElc\">\u2022<\/span><\/span> Ensures compliance with legal obligations<\/p>\t\t\t\t\t\t\t\t<\/div>\n\t\t\t\t<\/div>\n\t\t\t\t<\/div>\n\t\t\t\t\t<\/div>\n\t\t\t\t<\/div>\n\t\t<div class=\"elementor-element elementor-element-0305089 e-flex e-con-boxed e-con e-parent\" data-id=\"0305089\" data-element_type=\"container\">\n\t\t\t\t\t<div class=\"e-con-inner\">\n\t\t<div class=\"elementor-element elementor-element-9088675 e-con-full e-flex e-con e-child\" data-id=\"9088675\" data-element_type=\"container\">\n\t\t\t\t<div class=\"elementor-element elementor-element-fd0b605 mas-addons-sticky-no elementor-widget elementor-widget-spacer\" data-id=\"fd0b605\" data-element_type=\"widget\" data-settings=\"{&quot;mas_addons_sticky&quot;:&quot;no&quot;}\" data-widget_type=\"spacer.default\">\n\t\t\t\t<div class=\"elementor-widget-container\">\n\t\t\t\t\t\t\t<div class=\"elementor-spacer\">\n\t\t\t<div class=\"elementor-spacer-inner\"><\/div>\n\t\t<\/div>\n\t\t\t\t\t\t<\/div>\n\t\t\t\t<\/div>\n\t\t\t\t<div class=\"elementor-element elementor-element-bce36b4 mas-addons-sticky-no elementor-widget elementor-widget-heading\" data-id=\"bce36b4\" data-element_type=\"widget\" data-settings=\"{&quot;mas_addons_sticky&quot;:&quot;no&quot;}\" data-widget_type=\"heading.default\">\n\t\t\t\t<div class=\"elementor-widget-container\">\n\t\t\t\t\t<h4 class=\"elementor-heading-title elementor-size-default\">Cloud Networkit<\/h4>\t\t\t\t<\/div>\n\t\t\t\t<\/div>\n\t\t\t\t<div class=\"elementor-element elementor-element-0e8e4b6 mas-addons-sticky-no elementor-widget elementor-widget-heading\" data-id=\"0e8e4b6\" data-element_type=\"widget\" data-settings=\"{&quot;mas_addons_sticky&quot;:&quot;no&quot;}\" data-widget_type=\"heading.default\">\n\t\t\t\t<div class=\"elementor-widget-container\">\n\t\t\t\t\t<h2 class=\"elementor-heading-title elementor-size-default\">Network Automation<\/h2>\t\t\t\t<\/div>\n\t\t\t\t<\/div>\n\t\t\t\t<div class=\"elementor-element elementor-element-aa9061c mas-addons-sticky-no elementor-widget elementor-widget-text-editor\" data-id=\"aa9061c\" data-element_type=\"widget\" data-settings=\"{&quot;mas_addons_sticky&quot;:&quot;no&quot;}\" data-widget_type=\"text-editor.default\">\n\t\t\t\t<div class=\"elementor-widget-container\">\n\t\t\t\t\t\t\t\t\t<p>Thanks to the network automation interface we developed specifically for our customers, we manage our customers&#8217; manufacturer-independent network infrastructures from a single point, without the need for expertise, and reduce the IT operation burden.<\/p>\t\t\t\t\t\t\t\t<\/div>\n\t\t\t\t<\/div>\n\t\t\t\t<div class=\"elementor-element elementor-element-49cf542 mas-addons-sticky-no elementor-widget elementor-widget-text-editor\" data-id=\"49cf542\" data-element_type=\"widget\" data-settings=\"{&quot;mas_addons_sticky&quot;:&quot;no&quot;}\" data-widget_type=\"text-editor.default\">\n\t\t\t\t<div class=\"elementor-widget-container\">\n\t\t\t\t\t\t\t\t\t<p><strong>Our expertise:<\/strong><\/p><p><span class=\"ILfuVd\" lang=\"tr\"><span class=\"hgKElc\">\u2022<\/span><\/span> Network Automation &amp; Analytics Solution<br \/><span class=\"ILfuVd\" lang=\"tr\"><span class=\"hgKElc\">\u2022<\/span><\/span> Open Source Solutions (Python, Netbox, Ansible)<\/p>\t\t\t\t\t\t\t\t<\/div>\n\t\t\t\t<\/div>\n\t\t\t\t<\/div>\n\t\t\t\t<div class=\"elementor-element elementor-element-4b66ae9 mas-addons-sticky-no elementor-widget elementor-widget-spacer\" data-id=\"4b66ae9\" data-element_type=\"widget\" data-settings=\"{&quot;mas_addons_sticky&quot;:&quot;no&quot;}\" data-widget_type=\"spacer.default\">\n\t\t\t\t<div class=\"elementor-widget-container\">\n\t\t\t\t\t\t\t<div class=\"elementor-spacer\">\n\t\t\t<div class=\"elementor-spacer-inner\"><\/div>\n\t\t<\/div>\n\t\t\t\t\t\t<\/div>\n\t\t\t\t<\/div>\n\t\t<div class=\"elementor-element elementor-element-8911004 e-con-full e-flex e-con e-child\" data-id=\"8911004\" data-element_type=\"container\">\n\t\t\t\t<div class=\"elementor-element elementor-element-33e3807 mas-addons-sticky-no elementor-widget elementor-widget-image\" data-id=\"33e3807\" data-element_type=\"widget\" data-settings=\"{&quot;mas_addons_sticky&quot;:&quot;no&quot;}\" data-widget_type=\"image.default\">\n\t\t\t\t<div class=\"elementor-widget-container\">\n\t\t\t\t\t\t\t\t\t\t\t\t\t\t\t<img decoding=\"async\" width=\"636\" height=\"598\" src=\"https:\/\/cloudnetworkit.com.tr\/wp-content\/uploads\/2024\/01\/ag2.png\" class=\"attachment-full size-full wp-image-13739\" alt=\"\" srcset=\"https:\/\/cloudnetworkit.com.tr\/wp-content\/uploads\/2024\/01\/ag2.png 636w, https:\/\/cloudnetworkit.com.tr\/wp-content\/uploads\/2024\/01\/ag2-492x463.png 492w, https:\/\/cloudnetworkit.com.tr\/wp-content\/uploads\/2024\/01\/ag2-300x282.png 300w\" sizes=\"(max-width: 636px) 100vw, 636px\" \/>\t\t\t\t\t\t\t\t\t\t\t\t\t\t\t<\/div>\n\t\t\t\t<\/div>\n\t\t\t\t<\/div>\n\t\t\t\t\t<\/div>\n\t\t\t\t<\/div>\n\t\t<div class=\"elementor-element elementor-element-33b152c e-flex e-con-boxed e-con e-parent\" data-id=\"33b152c\" data-element_type=\"container\">\n\t\t\t\t\t<div class=\"e-con-inner\">\n\t\t<div class=\"elementor-element elementor-element-5c90cb1 e-con-full e-flex e-con e-child\" data-id=\"5c90cb1\" data-element_type=\"container\">\n\t\t\t\t<div class=\"elementor-element elementor-element-e7ca01e mas-addons-sticky-no elementor-widget elementor-widget-image\" data-id=\"e7ca01e\" data-element_type=\"widget\" data-settings=\"{&quot;mas_addons_sticky&quot;:&quot;no&quot;}\" data-widget_type=\"image.default\">\n\t\t\t\t<div class=\"elementor-widget-container\">\n\t\t\t\t\t\t\t\t\t\t\t\t\t\t\t<img decoding=\"async\" width=\"636\" height=\"598\" src=\"https:\/\/cloudnetworkit.com.tr\/wp-content\/uploads\/2024\/01\/ag3.png\" class=\"attachment-full size-full wp-image-13740\" alt=\"\" srcset=\"https:\/\/cloudnetworkit.com.tr\/wp-content\/uploads\/2024\/01\/ag3.png 636w, https:\/\/cloudnetworkit.com.tr\/wp-content\/uploads\/2024\/01\/ag3-492x463.png 492w, https:\/\/cloudnetworkit.com.tr\/wp-content\/uploads\/2024\/01\/ag3-300x282.png 300w\" sizes=\"(max-width: 636px) 100vw, 636px\" \/>\t\t\t\t\t\t\t\t\t\t\t\t\t\t\t<\/div>\n\t\t\t\t<\/div>\n\t\t\t\t<\/div>\n\t\t\t\t<div class=\"elementor-element elementor-element-711fedf mas-addons-sticky-no elementor-widget elementor-widget-spacer\" data-id=\"711fedf\" data-element_type=\"widget\" data-settings=\"{&quot;mas_addons_sticky&quot;:&quot;no&quot;}\" data-widget_type=\"spacer.default\">\n\t\t\t\t<div class=\"elementor-widget-container\">\n\t\t\t\t\t\t\t<div class=\"elementor-spacer\">\n\t\t\t<div class=\"elementor-spacer-inner\"><\/div>\n\t\t<\/div>\n\t\t\t\t\t\t<\/div>\n\t\t\t\t<\/div>\n\t\t<div class=\"elementor-element elementor-element-047a441 e-con-full e-flex e-con e-child\" data-id=\"047a441\" data-element_type=\"container\">\n\t\t\t\t<div class=\"elementor-element elementor-element-33eb453 mas-addons-sticky-no elementor-widget elementor-widget-spacer\" data-id=\"33eb453\" data-element_type=\"widget\" data-settings=\"{&quot;mas_addons_sticky&quot;:&quot;no&quot;}\" data-widget_type=\"spacer.default\">\n\t\t\t\t<div class=\"elementor-widget-container\">\n\t\t\t\t\t\t\t<div class=\"elementor-spacer\">\n\t\t\t<div class=\"elementor-spacer-inner\"><\/div>\n\t\t<\/div>\n\t\t\t\t\t\t<\/div>\n\t\t\t\t<\/div>\n\t\t\t\t<div class=\"elementor-element elementor-element-1df5d5a mas-addons-sticky-no elementor-widget elementor-widget-heading\" data-id=\"1df5d5a\" data-element_type=\"widget\" data-settings=\"{&quot;mas_addons_sticky&quot;:&quot;no&quot;}\" data-widget_type=\"heading.default\">\n\t\t\t\t<div class=\"elementor-widget-container\">\n\t\t\t\t\t<h4 class=\"elementor-heading-title elementor-size-default\">Cloud Networkit<\/h4>\t\t\t\t<\/div>\n\t\t\t\t<\/div>\n\t\t\t\t<div class=\"elementor-element elementor-element-855385a mas-addons-sticky-no elementor-widget elementor-widget-heading\" data-id=\"855385a\" data-element_type=\"widget\" data-settings=\"{&quot;mas_addons_sticky&quot;:&quot;no&quot;}\" data-widget_type=\"heading.default\">\n\t\t\t\t<div class=\"elementor-widget-container\">\n\t\t\t\t\t<h2 class=\"elementor-heading-title elementor-size-default\">Network<\/h2>\t\t\t\t<\/div>\n\t\t\t\t<\/div>\n\t\t\t\t<div class=\"elementor-element elementor-element-7a3a815 mas-addons-sticky-no elementor-widget elementor-widget-text-editor\" data-id=\"7a3a815\" data-element_type=\"widget\" data-settings=\"{&quot;mas_addons_sticky&quot;:&quot;no&quot;}\" data-widget_type=\"text-editor.default\">\n\t\t\t\t<div class=\"elementor-widget-container\">\n\t\t\t\t\t\t\t\t\tAs CNIT Service, we ensure uninterrupted end-to-end management of complex communication network infrastructures so that institutions can be competitive in their sectors during the digitalization process.\t\t\t\t\t\t\t\t<\/div>\n\t\t\t\t<\/div>\n\t\t\t\t<div class=\"elementor-element elementor-element-1b172f3 mas-addons-sticky-no elementor-widget elementor-widget-text-editor\" data-id=\"1b172f3\" data-element_type=\"widget\" data-settings=\"{&quot;mas_addons_sticky&quot;:&quot;no&quot;}\" data-widget_type=\"text-editor.default\">\n\t\t\t\t<div class=\"elementor-widget-container\">\n\t\t\t\t\t\t\t\t\t<p><strong>Our expertise:<\/strong><\/p><p><span class=\"ILfuVd\" lang=\"tr\"><span class=\"hgKElc\">\u2022<\/span><\/span> Local Area Network (LAN)<br \/><span class=\"ILfuVd\" lang=\"tr\"><span class=\"hgKElc\">\u2022<\/span><\/span> Wide Area Network (WAN)<br \/><span class=\"ILfuVd\" lang=\"tr\"><span class=\"hgKElc\">\u2022<\/span><\/span> Wireless Network (Wi-Fi)<br \/><span class=\"ILfuVd\" lang=\"tr\"><span class=\"hgKElc\">\u2022<\/span><\/span> Network Monitoring and Management (NMS)<\/p>\t\t\t\t\t\t\t\t<\/div>\n\t\t\t\t<\/div>\n\t\t\t\t<\/div>\n\t\t\t\t\t<\/div>\n\t\t\t\t<\/div>\n\t\t<div class=\"elementor-element elementor-element-7e42b14 e-flex e-con-boxed e-con e-parent\" data-id=\"7e42b14\" data-element_type=\"container\">\n\t\t\t\t\t<div class=\"e-con-inner\">\n\t\t<div class=\"elementor-element elementor-element-e434cff e-con-full e-flex e-con e-child\" data-id=\"e434cff\" data-element_type=\"container\">\n\t\t\t\t<div class=\"elementor-element elementor-element-fffa33d mas-addons-sticky-no elementor-widget elementor-widget-spacer\" data-id=\"fffa33d\" data-element_type=\"widget\" data-settings=\"{&quot;mas_addons_sticky&quot;:&quot;no&quot;}\" data-widget_type=\"spacer.default\">\n\t\t\t\t<div class=\"elementor-widget-container\">\n\t\t\t\t\t\t\t<div class=\"elementor-spacer\">\n\t\t\t<div class=\"elementor-spacer-inner\"><\/div>\n\t\t<\/div>\n\t\t\t\t\t\t<\/div>\n\t\t\t\t<\/div>\n\t\t\t\t<div class=\"elementor-element elementor-element-1eb350c mas-addons-sticky-no elementor-widget elementor-widget-heading\" data-id=\"1eb350c\" data-element_type=\"widget\" data-settings=\"{&quot;mas_addons_sticky&quot;:&quot;no&quot;}\" data-widget_type=\"heading.default\">\n\t\t\t\t<div class=\"elementor-widget-container\">\n\t\t\t\t\t<h4 class=\"elementor-heading-title elementor-size-default\">Cloud Networkit<\/h4>\t\t\t\t<\/div>\n\t\t\t\t<\/div>\n\t\t\t\t<div class=\"elementor-element elementor-element-f473b7a mas-addons-sticky-no elementor-widget elementor-widget-heading\" data-id=\"f473b7a\" data-element_type=\"widget\" data-settings=\"{&quot;mas_addons_sticky&quot;:&quot;no&quot;}\" data-widget_type=\"heading.default\">\n\t\t\t\t<div class=\"elementor-widget-container\">\n\t\t\t\t\t<h2 class=\"elementor-heading-title elementor-size-default\">Unified Communications Systems<\/h2>\t\t\t\t<\/div>\n\t\t\t\t<\/div>\n\t\t\t\t<div class=\"elementor-element elementor-element-79b5f6e mas-addons-sticky-no elementor-widget elementor-widget-text-editor\" data-id=\"79b5f6e\" data-element_type=\"widget\" data-settings=\"{&quot;mas_addons_sticky&quot;:&quot;no&quot;}\" data-widget_type=\"text-editor.default\">\n\t\t\t\t<div class=\"elementor-widget-container\">\n\t\t\t\t\t\t\t\t\t<p>CNIT Service olarak dijitalle\u015fme s\u00fcrecinde kurumlar\u0131n sekt\u00f6rlerinde rekabet\u00e7i olabilmesi i\u00e7in kompleks ileti\u015fim a\u011f altyap\u0131lar\u0131n\u0131n kesintisiz olarak u\u00e7tan uca y\u00f6netilmesini sa\u011fl\u0131yoruz.<\/p>\t\t\t\t\t\t\t\t<\/div>\n\t\t\t\t<\/div>\n\t\t\t\t<div class=\"elementor-element elementor-element-9d369b8 mas-addons-sticky-no elementor-widget elementor-widget-text-editor\" data-id=\"9d369b8\" data-element_type=\"widget\" data-settings=\"{&quot;mas_addons_sticky&quot;:&quot;no&quot;}\" data-widget_type=\"text-editor.default\">\n\t\t\t\t<div class=\"elementor-widget-container\">\n\t\t\t\t\t\t\t\t\t<p><strong>Our expertise:<\/strong><\/p><p><span class=\"ILfuVd\" lang=\"tr\"><span class=\"hgKElc\">\u2022<\/span><\/span> Voice<br \/><span class=\"ILfuVd\" lang=\"tr\"><span class=\"hgKElc\">\u2022<\/span><\/span> Video Conferencing<br \/><span class=\"ILfuVd\" lang=\"tr\"><span class=\"hgKElc\">\u2022<\/span><\/span> Web Conferencing<\/p>\t\t\t\t\t\t\t\t<\/div>\n\t\t\t\t<\/div>\n\t\t\t\t<\/div>\n\t\t\t\t<div class=\"elementor-element elementor-element-87985d4 mas-addons-sticky-no elementor-widget elementor-widget-spacer\" data-id=\"87985d4\" data-element_type=\"widget\" data-settings=\"{&quot;mas_addons_sticky&quot;:&quot;no&quot;}\" data-widget_type=\"spacer.default\">\n\t\t\t\t<div class=\"elementor-widget-container\">\n\t\t\t\t\t\t\t<div class=\"elementor-spacer\">\n\t\t\t<div class=\"elementor-spacer-inner\"><\/div>\n\t\t<\/div>\n\t\t\t\t\t\t<\/div>\n\t\t\t\t<\/div>\n\t\t<div class=\"elementor-element elementor-element-b0ea7d6 e-con-full e-flex e-con e-child\" data-id=\"b0ea7d6\" data-element_type=\"container\">\n\t\t\t\t<div class=\"elementor-element elementor-element-d5b245d mas-addons-sticky-no elementor-widget elementor-widget-image\" data-id=\"d5b245d\" data-element_type=\"widget\" data-settings=\"{&quot;mas_addons_sticky&quot;:&quot;no&quot;}\" data-widget_type=\"image.default\">\n\t\t\t\t<div class=\"elementor-widget-container\">\n\t\t\t\t\t\t\t\t\t\t\t\t\t\t\t<img loading=\"lazy\" decoding=\"async\" width=\"636\" height=\"598\" src=\"https:\/\/cloudnetworkit.com.tr\/wp-content\/uploads\/2024\/01\/ag4.png\" class=\"attachment-full size-full wp-image-13747\" alt=\"\" srcset=\"https:\/\/cloudnetworkit.com.tr\/wp-content\/uploads\/2024\/01\/ag4.png 636w, https:\/\/cloudnetworkit.com.tr\/wp-content\/uploads\/2024\/01\/ag4-492x463.png 492w, https:\/\/cloudnetworkit.com.tr\/wp-content\/uploads\/2024\/01\/ag4-300x282.png 300w\" sizes=\"(max-width: 636px) 100vw, 636px\" \/>\t\t\t\t\t\t\t\t\t\t\t\t\t\t\t<\/div>\n\t\t\t\t<\/div>\n\t\t\t\t<\/div>\n\t\t\t\t\t<\/div>\n\t\t\t\t<\/div>\n\t\t\t\t<\/div>\n\t\t","protected":false},"excerpt":{"rendered":"<p>Network Solutions Our solutions Cloud Networkit Network Solutions We are always at your service with our high-performance, high-security, scalable and customizable solutions that suit your corporate business needs. Advantages: \u2022 Increases productivity\u2022 Ensures business continuity\u2022 Increases security\u2022 Shortens intervention time\u2022 Improves user experience\u2022 Ensures compliance with legal obligations Cloud Networkit Network Automation Thanks to the [&hellip;]<\/p>\n","protected":false},"author":1,"featured_media":0,"parent":0,"menu_order":0,"comment_status":"closed","ping_status":"closed","template":"elementor_header_footer","meta":{"inline_featured_image":false,"footnotes":""},"class_list":["post-14178","page","type-page","status-publish","hentry"],"acf":[],"_links":{"self":[{"href":"https:\/\/cloudnetworkit.com.tr\/en\/wp-json\/wp\/v2\/pages\/14178","targetHints":{"allow":["GET"]}}],"collection":[{"href":"https:\/\/cloudnetworkit.com.tr\/en\/wp-json\/wp\/v2\/pages"}],"about":[{"href":"https:\/\/cloudnetworkit.com.tr\/en\/wp-json\/wp\/v2\/types\/page"}],"author":[{"embeddable":true,"href":"https:\/\/cloudnetworkit.com.tr\/en\/wp-json\/wp\/v2\/users\/1"}],"replies":[{"embeddable":true,"href":"https:\/\/cloudnetworkit.com.tr\/en\/wp-json\/wp\/v2\/comments?post=14178"}],"version-history":[{"count":7,"href":"https:\/\/cloudnetworkit.com.tr\/en\/wp-json\/wp\/v2\/pages\/14178\/revisions"}],"predecessor-version":[{"id":14230,"href":"https:\/\/cloudnetworkit.com.tr\/en\/wp-json\/wp\/v2\/pages\/14178\/revisions\/14230"}],"wp:attachment":[{"href":"https:\/\/cloudnetworkit.com.tr\/en\/wp-json\/wp\/v2\/media?parent=14178"}],"curies":[{"name":"wp","href":"https:\/\/api.w.org\/{rel}","templated":true}]}}